{"id":57,"date":"2020-05-21T20:07:07","date_gmt":"2020-05-21T19:07:07","guid":{"rendered":"http:\/\/bade-zahntechnik-training.de\/?page_id=57"},"modified":"2020-05-24T19:48:42","modified_gmt":"2020-05-24T18:48:42","slug":"kontakt","status":"publish","type":"page","link":"https:\/\/bade-zahntechnik-training.de\/en\/kontakt\/","title":{"rendered":"Kontakt"},"content":{"rendered":"<div class=\"grve-section grve-primary-1\" data-section-title=\"\" data-section-type=\"fullwidth-element\" data-image-type=\"none\" data-full-height=\"no\"  style=\"background-color:#37474f;color:#ffffff;padding-bottom: 20px;margin-bottom: 0px;\"><div class=\"grve-row grve-bookmark\"><div class=\"wpb_column grve-column grve-bookmark grve-column-1-2 vc_custom_1542242841648\"><div class=\"grve-element grve-box-icon grve-align-center grve-animated-item grve-fadeIn\" style=\"\" data-delay=\"400\">  <div class=\"grve-icon grve-large grve-simple grve-no-shape grve-color-white fa fa-map-marker\"><\/div>  <div class=\"grve-box-content\"><h5 class=\"grve-box-title\"><span>Location<\/span><\/h5>    <p class=\"\">BADE ZAHNTECHNIK TRAINING<br \/>\nInhaber Jannick Bade<br \/>\nZum Bahnhof 14<br \/>\nD-19053 Schwerin<\/p>\n<p>Telefon: +49 (0) 385 77170(keine telefonische Beratung)<br \/>\nTelefax: +49 (0) 385 77171<\/p>  <\/div><\/div><\/div><div class=\"wpb_column grve-column grve-bookmark grve-column-1-2 vc_custom_1542242833985\"><div class=\"grve-element grve-box-icon grve-align-center grve-animated-item grve-fadeIn\" style=\"\" data-delay=\"1200\">  <div class=\"grve-icon grve-large grve-simple grve-no-shape grve-color-white fa fa-support\"><\/div>  <div class=\"grve-box-content\"><h5 class=\"grve-box-title\"><span>Direction<\/span><\/h5>    <p class=\"\">Sie finden uns im alten Getreidespeicher hinter dem Schweriner Hauptbahnhof. Ganz links, kurz vor den Schienen ist unser eigener Eingang.<\/p>\n<p>Sie erreichen uns mit der Stra\u00dfenbahn \u00fcber den Platz der Freiheit oder \u00fcber den Hauptbahnhof.<\/p>\n<p>Mit dem Auto, \u00fcber den Platz der Freiheit zum Bahnhof oder \u00fcber die Franz-Mehring-Strasse in die Severinstrasse Richtung Bahnhof. In beiden F\u00e4llen k\u00f6nnen Sie auf dem Hof hinter dem alten Getreidespeicher vor unserem r\u00fcckw\u00e4rtigen Eingang parken.<\/p>  <\/div><\/div><\/div> <\/div><div class=\"grve-background-wrapper\"><\/div><\/div><div class=\"grve-section grve-feature-footer\" data-section-title=\"\" data-section-type=\"fullwidth-element\" data-image-type=\"parallax\" data-full-height=\"no\"><div class=\"grve-row grve-bookmark\"><div class=\"wpb_column grve-column grve-bookmark grve-column-1-2 vc_custom_1417799534465\"><div class=\"grve-element grve-text grve-leader-text vc_custom_1590346093082\"><p><a href=\"mailto:Jannick@bade-zahntechnik-training.de\">Jannick@bade-zahntechnik-training.de<\/a><\/p>\n<p>www.bade-zahntechnik-training.de<\/p>\n<p>+49 (0) 385 77170 (keine telefonische Beratung)<\/p>\n<\/div><\/div><div class=\"wpb_column grve-column grve-bookmark grve-column-1-2 vc_custom_1417799001019\"  style=\"color:#ffffff;\"><div class=\"grve-element grve-text\">\n<div class=\"wpcf7 no-js\" id=\"wpcf7-f61-o1\" lang=\"de-DE\" dir=\"ltr\" data-wpcf7-id=\"61\">\n<div class=\"screen-reader-response\"><p role=\"status\" aria-live=\"polite\" aria-atomic=\"true\"><\/p> <ul><\/ul><\/div>\n<form action=\"\/en\/wp-json\/wp\/v2\/pages\/57#wpcf7-f61-o1\" method=\"post\" class=\"wpcf7-form init\" aria-label=\"Kontaktformular\" novalidate=\"novalidate\" data-status=\"init\" data-trp-original-action=\"\/en\/wp-json\/wp\/v2\/pages\/57#wpcf7-f61-o1\">\n<fieldset class=\"hidden-fields-container\"><input type=\"hidden\" name=\"_wpcf7\" value=\"61\" \/><input type=\"hidden\" name=\"_wpcf7_version\" value=\"6.1.5\" \/><input type=\"hidden\" name=\"_wpcf7_locale\" value=\"de_DE\" \/><input type=\"hidden\" name=\"_wpcf7_unit_tag\" value=\"wpcf7-f61-o1\" \/><input type=\"hidden\" name=\"_wpcf7_container_post\" value=\"0\" \/><input type=\"hidden\" name=\"_wpcf7_posted_data_hash\" value=\"\" \/><input type=\"hidden\" name=\"_wpcf7_recaptcha_response\" value=\"\" \/>\n<\/fieldset>\n<p><label> Your Name (required)<br \/>\n<span class=\"wpcf7-form-control-wrap\" data-name=\"your-name\"><input size=\"40\" maxlength=\"400\" class=\"wpcf7-form-control wpcf7-text wpcf7-validates-as-required\" aria-required=\"true\" aria-invalid=\"false\" value=\"\" type=\"text\" name=\"your-name\" \/><\/span> <\/label>\n<\/p>\n<p><label> Your Email (required)<br \/>\n<span class=\"wpcf7-form-control-wrap\" data-name=\"your-email\"><input size=\"40\" maxlength=\"400\" class=\"wpcf7-form-control wpcf7-email wpcf7-validates-as-required wpcf7-text wpcf7-validates-as-email\" aria-required=\"true\" aria-invalid=\"false\" value=\"\" type=\"email\" name=\"your-email\" \/><\/span> <\/label>\n<\/p>\n<p><label> Subject<br \/>\n<span class=\"wpcf7-form-control-wrap\" data-name=\"your-subject\"><input size=\"40\" maxlength=\"400\" class=\"wpcf7-form-control wpcf7-text\" aria-invalid=\"false\" value=\"\" type=\"text\" name=\"your-subject\" \/><\/span> <\/label>\n<\/p>\n<p><label> Your Message<br \/>\n<span class=\"wpcf7-form-control-wrap\" data-name=\"your-message\"><textarea cols=\"40\" rows=\"10\" maxlength=\"2000\" class=\"wpcf7-form-control wpcf7-textarea\" aria-invalid=\"false\" name=\"your-message\"><\/textarea><\/span> <\/label>\n<\/p>\n<p><input class=\"wpcf7-form-control wpcf7-submit has-spinner\" type=\"submit\" value=\"Send\" \/>\n<\/p><div class=\"wpcf7-response-output\" aria-hidden=\"true\"><\/div>\n<input type=\"hidden\" name=\"trp-form-language\" value=\"en\"\/><\/form>\n<\/div>\n\n<\/div><\/div> <\/div><div class=\"grve-background-wrapper\">  <div class=\"grve-bg-image\" data-stellar-ratio=\"0.5\" ><\/div><\/div><\/div>","protected":false},"excerpt":{"rendered":"Location BADE ZAHNTECHNIK TRAINING Inhaber Jannick Bade Zum Bahnhof 14 D-19053 Schwerin Telefon: +49 (0) 385 77170(keine telefonische Beratung) Telefax: +49 (0) 385 77171 Direction Sie finden uns im alten Getreidespeicher hinter dem Schweriner Hauptbahnhof. Ganz links, kurz vor den Schienen ist unser eigener Eingang. Sie erreichen uns mit der Stra\u00dfenbahn \u00fcber den Platz der [...]","protected":false},"author":1,"featured_media":0,"parent":0,"menu_order":0,"comment_status":"closed","ping_status":"closed","template":"","meta":{"footnotes":""},"class_list":["post-57","page","type-page","status-publish","hentry"],"_links":{"self":[{"href":"https:\/\/bade-zahntechnik-training.de\/en\/wp-json\/wp\/v2\/pages\/57","targetHints":{"allow":["GET"]}}],"collection":[{"href":"https:\/\/bade-zahntechnik-training.de\/en\/wp-json\/wp\/v2\/pages"}],"about":[{"href":"https:\/\/bade-zahntechnik-training.de\/en\/wp-json\/wp\/v2\/types\/page"}],"author":[{"embeddable":true,"href":"https:\/\/bade-zahntechnik-training.de\/en\/wp-json\/wp\/v2\/users\/1"}],"replies":[{"embeddable":true,"href":"https:\/\/bade-zahntechnik-training.de\/en\/wp-json\/wp\/v2\/comments?post=57"}],"version-history":[{"count":0,"href":"https:\/\/bade-zahntechnik-training.de\/en\/wp-json\/wp\/v2\/pages\/57\/revisions"}],"wp:attachment":[{"href":"https:\/\/bade-zahntechnik-training.de\/en\/wp-json\/wp\/v2\/media?parent=57"}],"curies":[{"name":"wp","href":"https:\/\/api.w.org\/{rel}","templated":true}]}}